{"id":28,"date":"2023-11-16T21:46:28","date_gmt":"2023-11-16T20:46:28","guid":{"rendered":"https:\/\/ingrain.to\/?page_id=28"},"modified":"2026-02-16T09:26:31","modified_gmt":"2026-02-16T08:26:31","slug":"impressum","status":"publish","type":"page","link":"https:\/\/ingrain.to\/en\/impressum\/","title":{"rendered":"Imprint"},"content":{"rendered":"<p>[et_pb_section fb_built=&#8220;1&#8243; _builder_version=&#8220;4.23.1&#8243; _module_preset=&#8220;default&#8220; custom_padding=&#8220;0px|||||&#8220; global_colors_info=&#8220;{}&#8220;][et_pb_row _builder_version=&#8220;4.23.1&#8243; _module_preset=&#8220;default&#8220; global_colors_info=&#8220;{}&#8220;][et_pb_column type=&#8220;4_4&#8243; _builder_version=&#8220;4.23.1&#8243; _module_preset=&#8220;default&#8220; pac_dcm_carousel_specific_module_num=&#8220;0&#8243; global_colors_info=&#8220;{}&#8220;][et_pb_text _builder_version=&#8220;4.23.4&#8243; _module_preset=&#8220;default&#8220; global_colors_info=&#8220;{}&#8220;]<\/p>\n<h1>Impressum<\/h1>\n<h2>Angaben gem\u00e4\u00df \u00a7 5 TMG<\/h2>\n<p>Ingrain Partnerschaft<br \/>Jahnstra\u00dfe 7<br \/>80469 M\u00fcnchen<\/p>\n<p>Partnerschaftsregister: PR 2457<br \/>Registergericht: Amtsgericht M\u00fcnchen<\/p>\n<p>Einzelvertretungsberechtigte Partner sind:<br \/>Daniel Moritz<br \/>Marc-David Wagner<br \/>Sebastian Roscher<\/p>\n<h2>Kontakt<\/h2>\n<p>Telefon: +49 89 32973323<br \/>E-Mail: info@ingrain.to<\/p>\n<h2>Umsatzsteuer-ID<\/h2>\n<p>Umsatzsteuer-Identifikationsnummer gem\u00e4\u00df \u00a7 27 a Umsatzsteuergesetz:<br \/>DE368358822<\/p>\n<h2>Berufsbezeichnung und berufsrechtliche Regelungen<\/h2>\n<p>Berufsbezeichnung: Betriebswirt<br \/>Verliehen in: Bayern<\/p>\n<h2>EU-Streitschlichtung<\/h2>\n<p>Die Europ\u00e4ische Kommission stellt eine Plattform zur Online-Streitbeilegung (OS) bereit: <a href=\"https:\/\/ec.europa.eu\/consumers\/odr\/\" target=\"_blank\" rel=\"noopener noreferrer\">https:\/\/ec.europa.eu\/consumers\/odr\/<\/a>.<br \/>Unsere E-Mail-Adresse finden Sie oben im Impressum.<\/p>\n<h2>Verbraucher\u00adstreit\u00adbeilegung\/Universal\u00adschlichtungs\u00adstelle<\/h2>\n<p>Wir sind nicht bereit oder verpflichtet, an Streitbeilegungsverfahren vor einer Verbraucherschlichtungsstelle teilzunehmen.<\/p>\n<p>Quelle: <a href=\"https:\/\/www.e-recht24.de\">eRecht24<\/a><\/p>\n<h2>Design<\/h2>\n<p>A+O Visuelle Kommunikation Sebastian Hoffmann <a href=\"https:\/\/apluso.de\" target=\"_blank\" rel=\"noopener\">apluso.de<\/a><\/p>\n<p>[\/et_pb_text][\/et_pb_column][\/et_pb_row][et_pb_row _builder_version=&#8220;4.23.1&#8243; _module_preset=&#8220;default&#8220; global_colors_info=&#8220;{}&#8220;][et_pb_column type=&#8220;4_4&#8243; _builder_version=&#8220;4.23.1&#8243; _module_preset=&#8220;default&#8220; pac_dcm_carousel_specific_module_num=&#8220;0&#8243; global_colors_info=&#8220;{}&#8220;][et_pb_button button_url=&#8220;@ET-DC@eyJkeW5hbWljIjp0cnVlLCJjb250ZW50IjoiaG9tZV91cmwiLCJzZXR0aW5ncyI6e319@&#8220; button_text=&#8220;zur\u00fcck&#8220; _builder_version=&#8220;4.23.1&#8243; _dynamic_attributes=&#8220;button_url&#8220; _module_preset=&#8220;default&#8220; global_colors_info=&#8220;{}&#8220;][\/et_pb_button][\/et_pb_column][\/et_pb_row][\/et_pb_section]<\/p>\n","protected":false},"excerpt":{"rendered":"<p>Impressum Angaben gem\u00e4\u00df \u00a7 5 TMG Ingrain PartnerschaftJahnstra\u00dfe 780469 M\u00fcnchen Partnerschaftsregister: PR 2457Registergericht: Amtsgericht M\u00fcnchen Einzelvertretungsberechtigte Partner sind:Daniel MoritzMarc-David WagnerSebastian Roscher Kontakt Telefon: +49 89 32973323E-Mail: info@ingrain.to Umsatzsteuer-ID Umsatzsteuer-Identifikationsnummer gem\u00e4\u00df \u00a7 27 a Umsatzsteuergesetz:DE368358822 Berufsbezeichnung und berufsrechtliche Regelungen Berufsbezeichnung: BetriebswirtVerliehen in: Bayern EU-Streitschlichtung Die Europ\u00e4ische Kommission stellt eine Plattform zur Online-Streitbeilegung (OS) bereit: https:\/\/ec.europa.eu\/consumers\/odr\/.Unsere E-Mail-Adresse [&hellip;]<\/p>\n","protected":false},"author":1,"featured_media":0,"parent":0,"menu_order":0,"comment_status":"closed","ping_status":"closed","template":"","meta":{"_et_pb_use_builder":"on","_et_pb_old_content":"","_et_gb_content_width":"","inline_featured_image":false,"footnotes":""},"_links":{"self":[{"href":"https:\/\/ingrain.to\/en\/wp-json\/wp\/v2\/pages\/28"}],"collection":[{"href":"https:\/\/ingrain.to\/en\/wp-json\/wp\/v2\/pages"}],"about":[{"href":"https:\/\/ingrain.to\/en\/wp-json\/wp\/v2\/types\/page"}],"author":[{"embeddable":true,"href":"https:\/\/ingrain.to\/en\/wp-json\/wp\/v2\/users\/1"}],"replies":[{"embeddable":true,"href":"https:\/\/ingrain.to\/en\/wp-json\/wp\/v2\/comments?post=28"}],"version-history":[{"count":12,"href":"https:\/\/ingrain.to\/en\/wp-json\/wp\/v2\/pages\/28\/revisions"}],"predecessor-version":[{"id":716,"href":"https:\/\/ingrain.to\/en\/wp-json\/wp\/v2\/pages\/28\/revisions\/716"}],"wp:attachment":[{"href":"https:\/\/ingrain.to\/en\/wp-json\/wp\/v2\/media?parent=28"}],"curies":[{"name":"wp","href":"https:\/\/api.w.org\/{rel}","templated":true}]}}